{"id":78,"date":"2017-09-05T10:47:21","date_gmt":"2017-09-05T10:47:21","guid":{"rendered":"http:\/\/demo.curlythemes.com\/art-gallery-wp\/?page_id=78"},"modified":"2024-11-28T11:23:10","modified_gmt":"2024-11-28T11:23:10","slug":"galerija","status":"publish","type":"page","link":"http:\/\/galerijamustac.com\/en\/galerija\/","title":{"rendered":"Gallery"},"content":{"rendered":"<div class=\"wpb-content-wrapper\"><div id=\"contact\" data-stellar-offset-parent=\"true\"  class=\"vc_row wpb_row vc_row-fluid xtd-background--fixed bg-pos-center-center bg-no-repeat content-padding vc_custom_1504636702469 vc_row-has-fill vc_column-gap-35 vc_row-o-content-top vc_row-flex\"><div  class=\"wpb_column vc_column_container vc_col-sm-12\"><div class=\"vc_column-inner \" style=\"\" ><div class=\"wpb_wrapper\"><div class=\"vc_empty_space  xtd-spacer--xl\"   style=\"height: 2rem\"><span class=\"vc_empty_space_inner\"><\/span><\/div>\n\t<div class=\"wpb_text_column wpb_content_element\" >\n\t\t<div class=\"wpb_wrapper\">\n\t\t\t<h1 class=\"display-2\" style=\"text-align: center;\">O galeriji<\/h1>\n\n\t\t<\/div>\n\t<\/div>\n<div class=\"vc_empty_space  xtd-spacer\"   style=\"height: 2rem\"><span class=\"vc_empty_space_inner\"><\/span><\/div><\/div><\/div><\/div><div  class=\"wpb_column vc_column_container vc_col-sm-5 vc_col-lg-offset-1\"><div class=\"vc_column-inner \" style=\"\" ><div class=\"wpb_wrapper\">\n\t<div class=\"wpb_single_image wpb_content_element vc_align_left   xtd-offset-frame\">\n\t\t\n\t\t<figure class=\"wpb_wrapper vc_figure\">\n\t\t\t<div class=\"vc_single_image-wrapper xtd-shadow--large-light  vc_box_border_grey\"><img loading=\"lazy\" decoding=\"async\" width=\"550\" height=\"824\" src=\"http:\/\/galerijamustac.com\/wp-content\/uploads\/2019\/07\/zelengaj-11.jpg\" class=\"vc_single_image-img attachment-full\" alt=\"Dvori\u0161te\" title=\"zelengaj-11\" \/><\/div>\n\t\t<\/figure>\n\t<\/div>\n<\/div><\/div><\/div><div  class=\"wpb_column vc_column_container vc_col-sm-5 vc_col-lg-offset-1 vc_col-lg-4\"><div class=\"vc_column-inner \" style=\"\" ><div class=\"wpb_wrapper\">\n\t<div class=\"wpb_text_column wpb_content_element\" >\n\t\t<div class=\"wpb_wrapper\">\n\t\t\t<h4>RADNO VRIJEME<\/h4>\n<p>PO DOGOVORU<br \/>\n<strong>Galerija se mo\u017ee posjetiti prethodnom najavom neposredno prije dolaska. Za grupne posjete potrebno je najaviti se par dana prije.<\/strong><\/p>\n<p>KONTAKT<\/p>\n<p>Mobite: <strong>099 509 9094 (Franjo)<br \/>\n<\/strong>Email: <strong>marketing@galerijamustac.com<br \/>\n<\/strong>Facebook:<strong>\u00a0<a href=\"https:\/\/www.facebook.com\/franjomustac\/\" target=\"_blank\" rel=\"noopener noreferrer\">facebook.com\/franjomustac<\/a><\/strong><\/p>\n\n\t\t<\/div>\n\t<\/div>\n<\/div><\/div><\/div><\/div><div id=\"getting-here\" data-stellar-offset-parent=\"true\"  class=\"vc_row wpb_row vc_row-fluid content-padding vc_custom_1504541122574\"><div  class=\"wpb_column vc_column_container vc_col-sm-12\"><div class=\"vc_column-inner \" style=\"\" ><div class=\"wpb_wrapper\">\n\t<div class=\"wpb_text_column wpb_content_element\" >\n\t\t<div class=\"wpb_wrapper\">\n\t\t\t<h1 class=\"display-2 special-title\" style=\"text-align: center;\">Kako do nas?<\/h1>\n\n\t\t<\/div>\n\t<\/div>\n<\/div><\/div><\/div><div  class=\"wpb_column vc_column_container vc_col-sm-10 vc_col-sm-offset-1\"><div class=\"vc_column-inner \" style=\"\" ><div class=\"wpb_wrapper\"><div class=\"vc_empty_space  xtd-spacer--xl\"   style=\"height: 2rem\"><span class=\"vc_empty_space_inner\"><\/span><\/div>\n\t<div class=\"wpb_single_image wpb_content_element vc_align_left\">\n\t\t\n\t\t<figure class=\"wpb_wrapper vc_figure\">\n\t\t\t<div class=\"vc_single_image-wrapper xtd-shadow--normal-light  vc_box_border_grey\"><img loading=\"lazy\" decoding=\"async\" width=\"1250\" height=\"802\" src=\"http:\/\/galerijamustac.com\/wp-content\/uploads\/2019\/07\/galerija-mustac.jpg\" class=\"vc_single_image-img attachment-full\" alt=\"Galerija Musta\u010d\" title=\"galerija-mustac\" \/><\/div>\n\t\t<\/figure>\n\t<\/div>\n\n\t<div class=\"wpb_text_column wpb_content_element\" >\n\t\t<div class=\"wpb_wrapper\">\n\t\t\t<p class=\"lead\" style=\"text-align: center;\"><em>Galerija se nalazi na adresi:<br \/>\nZelengaj 11, 40326 Sveta Marija<\/em><\/p>\n\n\t\t<\/div>\n\t<\/div>\n<div class=\"vc_empty_space  xtd-spacer\"   style=\"height: 2rem\"><span class=\"vc_empty_space_inner\"><\/span><\/div><div class=\"vc_row wpb_row vc_inner vc_row-fluid vc_column-gap-35\"><div class=\"wpb_column vc_column_container vc_col-sm-6\"><div class=\"vc_column-inner vc_custom_1496332454267\"><div class=\"wpb_wrapper\">\n\t<div class=\"wpb_text_column wpb_content_element\" >\n\t\t<div class=\"wpb_wrapper\">\n\t\t\t<h4>VRIJEME DOLASKA<\/h4>\n<p>Uglavnom smo slobodni svakodnevno du\u017e \u010ditavog dana, no radi sigurnosti najbolje je da se prije posjete najavite.<\/p>\n\n\t\t<\/div>\n\t<\/div>\n<\/div><\/div><\/div><div class=\"wpb_column vc_column_container vc_col-sm-6\"><div class=\"vc_column-inner vc_custom_1496332459319\"><div class=\"wpb_wrapper\">\n\t<div class=\"wpb_text_column wpb_content_element\" >\n\t\t<div class=\"wpb_wrapper\">\n\t\t\t<h4>Parking<\/h4>\n<p>Ispred ku\u0107e rasprostire se zelena povr\u0161ina gdje mo\u017eete bezbri\u017eno parkirati svoje vozilo.<\/p>\n\n\t\t<\/div>\n\t<\/div>\n<\/div><\/div><\/div><\/div><\/div><\/div><\/div><\/div><div id=\"my-modal\" data-stellar-offset-parent=\"true\"  class=\"vc_row wpb_row vc_row-fluid xtd-modal-content xtd-shadow--large-hard content-padding vc_custom_1497288400676 vc_row-has-fill\"><div  class=\"wpb_column vc_column_container vc_col-sm-12\"><div class=\"vc_column-inner \" style=\"\" ><div class=\"wpb_wrapper\">\n\t<div class=\"wpb_text_column wpb_content_element\" >\n\t\t<div class=\"wpb_wrapper\">\n\t\t\t<p>[ninja_form id=&#8221;1&#8243;]<\/p>\n\n\t\t<\/div>\n\t<\/div>\n<\/div><\/div><\/div><\/div>\n<\/div>","protected":false},"excerpt":{"rendered":"O galeriji RADNO VRIJEME PO DOGOVORU Galerija se mo\u017ee posjetiti prethodnom najavom neposredno prije dolaska. Za grupne posjete potrebno je najaviti se par dana prije. KONTAKT Mobite: 099 509 9094 (Franjo) Email: marketing@galerijamustac.com Facebook:\u00a0facebook.com\/franjomustac Kako do nas? Galerija se nalazi na adresi: Zelengaj 11, 40326 Sveta Marija VRIJEME DOLASKA Uglavnom smo slobodni svakodnevno du\u017e \u010ditavog dana, no radi sigurnosti najbolje [...]","protected":false},"author":1,"featured_media":0,"parent":0,"menu_order":0,"comment_status":"closed","ping_status":"closed","template":"","meta":{"footnotes":""},"class_list":["post-78","page","type-page","status-publish","hentry"],"_links":{"self":[{"href":"http:\/\/galerijamustac.com\/en\/wp-json\/wp\/v2\/pages\/78","targetHints":{"allow":["GET"]}}],"collection":[{"href":"http:\/\/galerijamustac.com\/en\/wp-json\/wp\/v2\/pages"}],"about":[{"href":"http:\/\/galerijamustac.com\/en\/wp-json\/wp\/v2\/types\/page"}],"author":[{"embeddable":true,"href":"http:\/\/galerijamustac.com\/en\/wp-json\/wp\/v2\/users\/1"}],"replies":[{"embeddable":true,"href":"http:\/\/galerijamustac.com\/en\/wp-json\/wp\/v2\/comments?post=78"}],"version-history":[{"count":22,"href":"http:\/\/galerijamustac.com\/en\/wp-json\/wp\/v2\/pages\/78\/revisions"}],"predecessor-version":[{"id":6434,"href":"http:\/\/galerijamustac.com\/en\/wp-json\/wp\/v2\/pages\/78\/revisions\/6434"}],"wp:attachment":[{"href":"http:\/\/galerijamustac.com\/en\/wp-json\/wp\/v2\/media?parent=78"}],"curies":[{"name":"wp","href":"https:\/\/api.w.org\/{rel}","templated":true}]}}