{"id":80,"date":"2017-09-05T10:49:47","date_gmt":"2017-09-05T10:49:47","guid":{"rendered":"http:\/\/demo.curlythemes.com\/art-gallery-wp\/?page_id=80"},"modified":"2019-12-17T22:09:03","modified_gmt":"2019-12-17T22:09:03","slug":"biografija","status":"publish","type":"page","link":"http:\/\/galerijamustac.com\/en\/biografija\/","title":{"rendered":"Biography"},"content":{"rendered":"<div class=\"wpb-content-wrapper\"><div data-vc-full-width=\"true\" data-vc-full-width-init=\"false\" data-stellar-offset-parent=\"true\"  class=\"vc_row wpb_row vc_row-fluid bg-pos-center-bottom bg-no-repeat content-padding-lg vc_custom_1504179041831 vc_row-has-fill\"><div  class=\"wpb_column vc_column_container vc_col-sm-6\"><div class=\"vc_column-inner\" style=\"\" ><div class=\"wpb_wrapper\">\n\t<div class=\"wpb_text_column wpb_content_element\" id=\"display-1\">\n\t\t<div class=\"wpb_wrapper\">\n\t\t\t<h1 class=\"display-1\">Biography<\/h1>\n\n\t\t<\/div>\n\t<\/div>\n<div class=\"vc_empty_space  xtd-spacer--lg\"   style=\"height: 2rem\"><span class=\"vc_empty_space_inner\"><\/span><\/div>\n\t<div class=\"wpb_text_column wpb_content_element\" >\n\t\t<div class=\"wpb_wrapper\">\n\t\t\t<p class=\"lead lead-lg\">A brief overview of the life of Franjo Musta\u010d Medarov and 45 years of creating the cultural heritage of Me\u0111imurje.<\/p>\n\n\t\t<\/div>\n\t<\/div>\n<div class=\"vc_empty_space  xtd-spacer\"   style=\"height: 2rem\"><span class=\"vc_empty_space_inner\"><\/span><\/div><div class=\"vc_row wpb_row vc_inner vc_row-fluid\"><div class=\"wpb_column vc_column_container vc_col-sm-6\"><div class=\"vc_column-inner\"><div class=\"wpb_wrapper\">\n\t<div class=\"wpb_text_column wpb_content_element\" >\n\t\t<div class=\"wpb_wrapper\">\n\t\t\t<p class=\"p1\"><span class=\"s1\">Franjo Musta\u010d Medarov painted his first painting back in 1973. He was only fifteen years old and since then he has been bond with the visual art. For 45 years of his artistic life (or rather, perseverance), Franjo Musta\u010d Medarov has been carrying in his heart and cherishing one author\u2019s artistic idea as his emotional lyrical homeland. <\/span><\/p>\n\n\t\t<\/div>\n\t<\/div>\n<\/div><\/div><\/div><div class=\"wpb_column vc_column_container vc_col-sm-6\"><div class=\"vc_column-inner\"><div class=\"wpb_wrapper\">\n\t<div class=\"wpb_text_column wpb_content_element\" >\n\t\t<div class=\"wpb_wrapper\">\n\t\t\t<p class=\"p1\"><span class=\"s1\">As if it was destined, the artwork is present in several generations of Musta\u010d family, which is not unimportant.\u00a0<\/span><\/p>\n<p><b>Josip \u0160imunko<\/b><br \/>\nJurnalist<\/p>\n<h5><a href=\"http:\/\/galerijamustac.com\/en\/prica\/\"><em>\u279c Read more<\/em><\/a><\/h5>\n\n\t\t<\/div>\n\t<\/div>\n<\/div><\/div><\/div><\/div><\/div><\/div><\/div><div  class=\"wpb_column vc_column_container vc_col-sm-5 vc_col-sm-offset-1\"><div class=\"vc_column-inner\" style=\"\" ><div class=\"wpb_wrapper\">\n\t<div class=\"wpb_single_image wpb_content_element vc_align_left   xtd-offset-frame\">\n\t\t\n\t\t<figure class=\"wpb_wrapper vc_figure\">\n\t\t\t<div class=\"vc_single_image-wrapper xtd-shadow--normal-normal  vc_box_border_grey\"><img loading=\"lazy\" decoding=\"async\" width=\"555\" height=\"701\" src=\"http:\/\/galerijamustac.com\/wp-content\/uploads\/2019\/07\/Autoportret-1981.jpg\" class=\"vc_single_image-img attachment-large\" alt=\"Franjo Musta\u010d Medarov\" title=\"Autoportret-1981\" \/><\/div>\n\t\t<\/figure>\n\t<\/div>\n<\/div><\/div><\/div><\/div><div class=\"vc_row-full-width vc_clearfix\"><\/div><div id=\"about-us\" data-vc-full-width=\"true\" data-vc-full-width-init=\"false\" data-stellar-offset-parent=\"true\"  class=\"vc_row wpb_row vc_row-fluid xtd-background--fixed bg-pos-center-bottom bg-no-repeat content-padding-lg vc_custom_1504180279621 vc_row-has-fill\"><div  class=\"wpb_column vc_column_container vc_col-sm-12\"><div class=\"vc_column-inner\" style=\"\" ><div class=\"wpb_wrapper\">\n\t<div class=\"wpb_text_column wpb_content_element\" >\n\t\t<div class=\"wpb_wrapper\">\n\t\t\t<h1 class=\"display-1\" style=\"text-align: center;\">Through life<\/h1>\n\n\t\t<\/div>\n\t<\/div>\n<div class=\"vc_empty_space  xtd-spacer--xl\"   style=\"height: 2rem\"><span class=\"vc_empty_space_inner\"><\/span><\/div><div class='xtd-timeline'><div class='xtd-timeline__item' data-title='1958'>\n\t<div class=\"wpb_single_image wpb_content_element vc_align_left   xtd-offset-frame\">\n\t\t\n\t\t<figure class=\"wpb_wrapper vc_figure\">\n\t\t\t<div class=\"vc_single_image-wrapper xtd-shadow--normal-light  vc_box_border_grey\"><img loading=\"lazy\" decoding=\"async\" width=\"600\" height=\"442\" src=\"http:\/\/galerijamustac.com\/wp-content\/uploads\/2019\/08\/franjo-mali.jpg\" class=\"vc_single_image-img attachment-large\" alt=\"\" title=\"franjo-mali\" \/><\/div>\n\t\t<\/figure>\n\t<\/div>\n\n\t<div class=\"wpb_text_column wpb_content_element z-index--1 color-primary\" >\n\t\t<div class=\"wpb_wrapper\">\n\t\t\t<p>Picutre 1 \u2014 In the yard<\/p>\n\n\t\t<\/div>\n\t<\/div>\n\n\t<div class=\"wpb_text_column wpb_content_element vc_custom_1576619315864 z-index--1 color-primary\" >\n\t\t<div class=\"wpb_wrapper\">\n\t\t\t<p class=\"p1\"><strong class=\"font-family--h1 display-1\">Childhood<\/strong><\/p>\n\n\t\t<\/div>\n\t<\/div>\n<div class=\"vc_empty_space\"   style=\"height: 32px\"><span class=\"vc_empty_space_inner\"><\/span><\/div>\n\t<div class=\"wpb_text_column wpb_content_element\" >\n\t\t<div class=\"wpb_wrapper\">\n\t\t\t<p class=\"lead-sm h1--font-family\">He was born in Sveta Marija on 29 March 1958 as the youngest of nine children. He spent his entire childhood with his brothers and friends. In those years, life in the countryside required heavy physical effort and a great deal of household work, so with all his obligations and schoolwork, Musta\u010d managed to \u201csteal\u201d a part of time for his greatest passion in life \u2013 painting.<\/p>\n\n\t\t<\/div>\n\t<\/div>\n<\/div><div class='xtd-timeline__item' data-title='1973 - 1978'>\n\t<div class=\"wpb_single_image wpb_content_element vc_align_left   xtd-offset-frame onclick-video_link\">\n\t\t\n\t\t<figure class=\"wpb_wrapper vc_figure\">\n\t\t\t<div class=\"vc_single_image-wrapper xtd-shadow--normal-light  vc_box_border_grey\"><img loading=\"lazy\" decoding=\"async\" width=\"600\" height=\"442\" src=\"http:\/\/galerijamustac.com\/wp-content\/uploads\/2019\/07\/maturanti-1978.jpg\" class=\"vc_single_image-img attachment-large\" alt=\"Maturanti 1078\" title=\"maturanti-1978\" \/><\/div>\n\t\t<\/figure>\n\t<\/div>\n\n\t<div class=\"wpb_text_column wpb_content_element z-index--1 color-primary\" >\n\t\t<div class=\"wpb_wrapper\">\n\t\t\t<p>Picture 2 \u2014 Prom days in 1978<\/p>\n\n\t\t<\/div>\n\t<\/div>\n\n\t<div class=\"wpb_text_column wpb_content_element vc_custom_1576619357792 z-index--1 color-primary\" >\n\t\t<div class=\"wpb_wrapper\">\n\t\t\t<p><strong class=\"font-family--h1 display-1\">Youth<\/strong><\/p>\n\n\t\t<\/div>\n\t<\/div>\n<div class=\"vc_empty_space\"   style=\"height: 32px\"><span class=\"vc_empty_space_inner\"><\/span><\/div>\n\t<div class=\"wpb_text_column wpb_content_element\" >\n\t\t<div class=\"wpb_wrapper\">\n\t\t\t<p class=\"lead-sm h1--font-family\">At the age of 15, Musta\u010d left his home for education in Zagreb. He enrolled to the School of Applied Arts and spent the next 5 years in the student dormitory. There he met people with whom he shared the same passion and interests and with some of them, he stayed friends to this day. Being in the student dormitory was a major change in his life because for the first time he understood his personal space, which consisted of a cabinet and desk in a room with seven other roommates. For someone who came from a large and poor family, this was a luxury.<\/p>\n\n\t\t<\/div>\n\t<\/div>\n<\/div><div class='xtd-timeline__item' data-title='1978 - 2018'>\n\t<div class=\"wpb_single_image wpb_content_element vc_align_left   xtd-offset-frame\">\n\t\t\n\t\t<figure class=\"wpb_wrapper vc_figure\">\n\t\t\t<div class=\"vc_single_image-wrapper xtd-shadow--normal-light  vc_box_border_grey\"><img loading=\"lazy\" decoding=\"async\" width=\"600\" height=\"442\" src=\"http:\/\/galerijamustac.com\/wp-content\/uploads\/2019\/08\/old.jpg\" class=\"vc_single_image-img attachment-large\" alt=\"\" title=\"old\" \/><\/div>\n\t\t<\/figure>\n\t<\/div>\n\n\t<div class=\"wpb_text_column wpb_content_element z-index--1 color-primary\" >\n\t\t<div class=\"wpb_wrapper\">\n\t\t\t<p>Picture 3. \u2014 Left: Beginning of work at \u010cateks, Right: During military service<\/p>\n\n\t\t<\/div>\n\t<\/div>\n\n\t<div class=\"wpb_text_column wpb_content_element vc_custom_1576620617434 z-index--1 color-primary\" >\n\t\t<div class=\"wpb_wrapper\">\n\t\t\t<p><strong class=\"font-family--h1 display-1\">Career<\/strong><\/p>\n\n\t\t<\/div>\n\t<\/div>\n<div class=\"vc_empty_space\"   style=\"height: 32px\"><span class=\"vc_empty_space_inner\"><\/span><\/div>\n\t<div class=\"wpb_text_column wpb_content_element\" >\n\t\t<div class=\"wpb_wrapper\">\n\t\t\t<p class=\"lead-sm h1--font-family\">Upon completion of his education in Zagreb and unsuccessful attempt to join the Academy of Fine Arts, he went to serve the military service in Tuzla. After a year and a half, he returned home and soon got a job in the textile factory \u010cateks, where he has spent his entire working life. He expressed his proactivity in the art by establishing the Art Association of Lower Me\u0111imurje (Prelog) with his fellow painters Franjo Ru\u017eman and Damir \u0160alari. Meanwhile, in 1988 his wife \u0110ur\u0111ica gave birth to their daughter Ida and two years later to their son Jurica. In the early 1990s as a result of a common enthusiasm for the new situation in Croatia, a golden period of productivity and demand for the paintings of Franjo Musta\u010d began. Exhibitions have been organized all over Croatia and abroad. The situation was very favourable until the global financial crisis in 2008. After that, the demand for luxury goods died down and the status of artists, especially in the small area of \u200b\u200bMe\u0111imurje, lost its importance. Nevertheless, Musta\u010d continued to work, create, support his family, and live his past seamlessly through images that are flashing back out of his deepest memories.<\/p>\n\n\t\t<\/div>\n\t<\/div>\n<\/div><div class='xtd-timeline__item' data-title='2019'>\n\t<div class=\"wpb_single_image wpb_content_element vc_align_left  vc_custom_1565258623032  xtd-offset-frame\">\n\t\t\n\t\t<figure class=\"wpb_wrapper vc_figure\">\n\t\t\t<div class=\"vc_single_image-wrapper xtd-shadow--normal-light  vc_box_border_grey\"><img loading=\"lazy\" decoding=\"async\" width=\"660\" height=\"427\" src=\"http:\/\/galerijamustac.com\/wp-content\/uploads\/2019\/08\/franjo-obitelj-1024x662.jpg\" class=\"vc_single_image-img attachment-large\" alt=\"\" title=\"franjo-obitelj\" \/><\/div>\n\t\t<\/figure>\n\t<\/div>\n\n\t<div class=\"wpb_text_column wpb_content_element z-index--1 color-primary\" >\n\t\t<div class=\"wpb_wrapper\">\n\t\t\t<p>Picture 4 \u2014 Franjo with his family in 1994<\/p>\n\n\t\t<\/div>\n\t<\/div>\n\n\t<div class=\"wpb_text_column wpb_content_element vc_custom_1576620013421 z-index--1 color-primary\" >\n\t\t<div class=\"wpb_wrapper\">\n\t\t\t<p><strong class=\"font-family--h1 display-1\">Today<\/strong><\/p>\n\n\t\t<\/div>\n\t<\/div>\n<div class=\"vc_empty_space\"   style=\"height: 32px\"><span class=\"vc_empty_space_inner\"><\/span><\/div>\n\t<div class=\"wpb_text_column wpb_content_element\" >\n\t\t<div class=\"wpb_wrapper\">\n\t\t\t<p class=\"lead-sm h1--font-family\">Musta\u010d retired after 40 years of working life. This gave him an opportunity to become completely dedicated to the painting, which he brought to the top during the past 45 years of his creation. It was one of the most productive periods in the painter's life, and an increased interest in his work was observed. He built his own art gallery in the yard of his house and this house, as a permanent cultural and artistic heritage of Me\u0111imurje, preserves the memories painted on the canvas of one of the most important Croatian painters of recent times.<\/p>\n\n\t\t<\/div>\n\t<\/div>\n<\/div><\/div><\/div><\/div><\/div><\/div><div class=\"vc_row-full-width vc_clearfix\"><\/div>\n<\/div>","protected":false},"excerpt":{"rendered":"Biografija Kratki presjek \u017eivota Franje Musta\u010da Medarova i 45 godina stvaranja kulturne ba\u0161tine Me\u0111imurskog kraja Svoju prvu sliku Franjo Musta\u010d Medarov naslikao je davne 1973. godine. Imao je svega petnaest godina i od tada neprekidno traje njegovo dru\u017eenje s likovnom umjetno\u0161\u0107u. Velikih 45 godina slikarskog trajanja (bolje re\u010deno \u2013 ustrajnosti) jedne autorske likovne ideje, Franjo Musta\u010d Medarov nosi u srcu [...]","protected":false},"author":1,"featured_media":0,"parent":0,"menu_order":0,"comment_status":"closed","ping_status":"closed","template":"","meta":{"footnotes":""},"class_list":["post-80","page","type-page","status-publish","hentry"],"_links":{"self":[{"href":"http:\/\/galerijamustac.com\/en\/wp-json\/wp\/v2\/pages\/80","targetHints":{"allow":["GET"]}}],"collection":[{"href":"http:\/\/galerijamustac.com\/en\/wp-json\/wp\/v2\/pages"}],"about":[{"href":"http:\/\/galerijamustac.com\/en\/wp-json\/wp\/v2\/types\/page"}],"author":[{"embeddable":true,"href":"http:\/\/galerijamustac.com\/en\/wp-json\/wp\/v2\/users\/1"}],"replies":[{"embeddable":true,"href":"http:\/\/galerijamustac.com\/en\/wp-json\/wp\/v2\/comments?post=80"}],"version-history":[{"count":46,"href":"http:\/\/galerijamustac.com\/en\/wp-json\/wp\/v2\/pages\/80\/revisions"}],"predecessor-version":[{"id":776,"href":"http:\/\/galerijamustac.com\/en\/wp-json\/wp\/v2\/pages\/80\/revisions\/776"}],"wp:attachment":[{"href":"http:\/\/galerijamustac.com\/en\/wp-json\/wp\/v2\/media?parent=80"}],"curies":[{"name":"wp","href":"https:\/\/api.w.org\/{rel}","templated":true}]}}