{"id":128,"date":"2017-09-05T15:27:00","date_gmt":"2017-09-05T15:27:00","guid":{"rendered":"http:\/\/demo.curlythemes.com\/art-gallery-wp\/?page_id=128"},"modified":"2019-08-08T14:22:03","modified_gmt":"2019-08-08T14:22:03","slug":"kulturno-nasljedje","status":"publish","type":"page","link":"https:\/\/galerijamustac.com\/en\/kulturno-nasljedje\/","title":{"rendered":"Cultural heritage"},"content":{"rendered":"<div class=\"wpb-content-wrapper\"><div data-stellar-offset-parent=\"true\"  class=\"vc_row wpb_row vc_row-fluid content-padding vc_custom_1504195713546\"><div  class=\"wpb_column vc_column_container vc_col-sm-12\"><div class=\"vc_column-inner\" style=\"\" ><div class=\"wpb_wrapper\">\n\t<div class=\"wpb_text_column wpb_content_element\" >\n\t\t<div class=\"wpb_wrapper\">\n\t\t\t<h1 class=\"display-2 special-title\" style=\"text-align: center;\"><small>IDENTITY<\/small> Cultural heritage<\/h1>\n\n\t\t<\/div>\n\t<\/div>\n<div class=\"vc_empty_space  xtd-spacer\"   style=\"height: 2rem\"><span class=\"vc_empty_space_inner\"><\/span><\/div><\/div><\/div><\/div><div  class=\"wpb_column vc_column_container vc_col-sm-4\"><div class=\"vc_column-inner\" style=\"\" ><div class=\"wpb_wrapper\">\n\t<div class=\"wpb_single_image wpb_content_element vc_align_left   xtd-offset-frame\">\n\t\t\n\t\t<figure class=\"wpb_wrapper vc_figure\">\n\t\t\t<div class=\"vc_single_image-wrapper xtd-shadow--normal-light  vc_box_border_grey\"><img loading=\"lazy\" decoding=\"async\" width=\"586\" height=\"878\" src=\"https:\/\/galerijamustac.com\/wp-content\/uploads\/2019\/08\/seljak.jpg\" class=\"vc_single_image-img attachment-full\" alt=\"\" title=\"seljak\" \/><\/div>\n\t\t<\/figure>\n\t<\/div>\n<div class=\"vc_empty_space  xtd-spacer\"   style=\"height: 2rem\"><span class=\"vc_empty_space_inner\"><\/span><\/div>\n\t<div class=\"wpb_text_column wpb_content_element\" >\n\t\t<div class=\"wpb_wrapper\">\n\t\t\t\n\t\t<\/div>\n\t<\/div>\n<\/div><\/div><\/div><div  class=\"wpb_column vc_column_container vc_col-sm-8 vc_col-lg-offset-1 vc_col-lg-7\"><div class=\"vc_column-inner\" style=\"\" ><div class=\"wpb_wrapper\">\n\t<div class=\"wpb_text_column wpb_content_element\" >\n\t\t<div class=\"wpb_wrapper\">\n\t\t\t<p class=\"lead lead-lg\">Conservative art as a treasure of cultural heritage<\/p>\n<p class=\"p1\">Musta\u010d has remained conservative and consistent in his motifs, beliefs and worldviews throughout his creative life. In this way, he resists the whole direction of modern art that dominates the cultural scene of the 21st century. Although inadvertently, it is a rather brave and rebellious act. In times when art transcends its existence and the meaning of all that has been created throughout human history, Musta\u010d holds his own artistic opus in this \u201ccan\u201d on his own way. Thus, he prevents any influence of the outside world on what comes from his memories. He struggles to keep it to himself, by \u201cwriting\u201d on the canvas everything that has been reflected out of his eye over 60 years. The colour that renders the grey and gloomy atmosphere of the winter landscape of the poor village in Me\u0111imurje in atypical orange and purple colours is also specific. These colours enhance the dynamic of a slow life of that time in the scenes of carriage that slowly passes returning from the field. Therewith he subtly signifies the joy that comes from that difficult but carefree time, which Musta\u010d will not be able to get rid of for the rest of his life. It is engraved in the deepest pores of his soul.<\/p>\n<p class=\"p1\">Through his paintings, Musta\u010d creates an almost cinematic experience of the former life in Me\u0111imurje out of his motifs, scenes, characters, actions and scripts. Those who have lived in those times will remember their childhood with a smile on their faces, while the younger generations will be able to gain insight into the times that are far behind them. This is the greatest value of his paintings, because they are not only artworks, but also a kind of documentary, historical document. Thus, Musta\u010d creates a separate, original identity of the cultural property of this region. The rarity of the photographic camera in these areas at that time and the widespread poverty and isolation from the world's revolutionary discoveries made it impossible to create a rich photographic record of the time. Another interesting situation arises from this fact: Musta\u010d does not replicate what we see today \u2013 he has left it to todays used up photographic media \u2013 he creates a new world on the construction of his surviving memories. This is his personal visual quote, his personal outline of a character who resided in this world. However, his outline is a very strong identifier of those who shared with him that period. It is a huge contribution, not only to the local area from which he originated, but also to the whole world.<\/p>\n\n\t\t<\/div>\n\t<\/div>\n<\/div><\/div><\/div><\/div><div data-stellar-offset-parent=\"true\"  class=\"vc_row wpb_row vc_row-fluid content-padding\"><div  class=\"wpb_column vc_column_container vc_col-sm-12\"><div class=\"vc_column-inner\" style=\"\" ><div class=\"wpb_wrapper\"><div class=\"vc_empty_space\"   style=\"height: 32px\"><span class=\"vc_empty_space_inner\"><\/span><\/div><\/div><\/div><\/div><\/div>\n<\/div>","protected":false},"excerpt":{"rendered":"IDENTITET Kulturno naslje\u0111e Konzervativna umjetnost kao riznica kulturnog naslje\u0111a Musta\u010d tijekom \u010ditavog svog stvarala\u010dkog \u017eivota ostaje konzervativan i dosljedan u svojim motivima, uvjerenjima i pogledu na svijet. Na taj na\u010din odupire se \u010ditavom pravcu moderne umjetnosti koji dominira kulturnom scenom 21. stolje\u0107a. To je, iako nehoti\u010dno, poprili\u010dno hrabar i buntovan akt. U vremenima kad umjetnost nadilazi svoje postojanje, smisao svega [...]","protected":false},"author":1,"featured_media":0,"parent":0,"menu_order":0,"comment_status":"closed","ping_status":"closed","template":"","meta":{"footnotes":""},"class_list":["post-128","page","type-page","status-publish","hentry"],"_links":{"self":[{"href":"https:\/\/galerijamustac.com\/en\/wp-json\/wp\/v2\/pages\/128","targetHints":{"allow":["GET"]}}],"collection":[{"href":"https:\/\/galerijamustac.com\/en\/wp-json\/wp\/v2\/pages"}],"about":[{"href":"https:\/\/galerijamustac.com\/en\/wp-json\/wp\/v2\/types\/page"}],"author":[{"embeddable":true,"href":"https:\/\/galerijamustac.com\/en\/wp-json\/wp\/v2\/users\/1"}],"replies":[{"embeddable":true,"href":"https:\/\/galerijamustac.com\/en\/wp-json\/wp\/v2\/comments?post=128"}],"version-history":[{"count":9,"href":"https:\/\/galerijamustac.com\/en\/wp-json\/wp\/v2\/pages\/128\/revisions"}],"predecessor-version":[{"id":701,"href":"https:\/\/galerijamustac.com\/en\/wp-json\/wp\/v2\/pages\/128\/revisions\/701"}],"wp:attachment":[{"href":"https:\/\/galerijamustac.com\/en\/wp-json\/wp\/v2\/media?parent=128"}],"curies":[{"name":"wp","href":"https:\/\/api.w.org\/{rel}","templated":true}]}}