{"id":129,"date":"2017-09-05T15:27:16","date_gmt":"2017-09-05T15:27:16","guid":{"rendered":"http:\/\/demo.curlythemes.com\/art-gallery-wp\/?page_id=129"},"modified":"2021-01-24T17:45:44","modified_gmt":"2021-01-24T17:45:44","slug":"slike-franjo-mustac","status":"publish","type":"page","link":"https:\/\/galerijamustac.com\/en\/slike-franjo-mustac\/","title":{"rendered":"Paintings"},"content":{"rendered":"<div class=\"wpb-content-wrapper\"><div data-stellar-offset-parent=\"true\"  class=\"vc_row wpb_row vc_row-fluid content-padding vc_custom_1504195713546\"><div  class=\"wpb_column vc_column_container vc_col-sm-12\"><div class=\"vc_column-inner\" style=\"\" ><div class=\"wpb_wrapper\">\n\t<div class=\"wpb_text_column wpb_content_element\" >\n\t\t<div class=\"wpb_wrapper\">\n\t\t\t<h1 class=\"display-2 special-title\" style=\"text-align: center;\"><small><br \/>\n<\/small> Paintings<\/h1>\n\n\t\t<\/div>\n\t<\/div>\n<div class=\"vc_empty_space  xtd-spacer\"   style=\"height: 2rem\"><span class=\"vc_empty_space_inner\"><\/span><\/div><\/div><\/div><\/div><\/div><div data-stellar-offset-parent=\"true\"  class=\"vc_row wpb_row vc_row-fluid content-padding\"><div  class=\"wpb_column vc_column_container vc_col-sm-6\"><div class=\"vc_column-inner\" style=\"\" ><div class=\"wpb_wrapper\">\n\t<div class=\"wpb_text_column wpb_content_element\" >\n\t\t<div class=\"wpb_wrapper\">\n\t\t\t<h2>Village motifs of the past<\/h2>\n\n\t\t<\/div>\n\t<\/div>\n<\/div><\/div><\/div><div  class=\"wpb_column vc_column_container vc_col-sm-6\"><div class=\"vc_column-inner\" style=\"\" ><div class=\"wpb_wrapper\">\n\t<div class=\"wpb_text_column wpb_content_element\" >\n\t\t<div class=\"wpb_wrapper\">\n\t\t\t<p>Musta\u010d is authentic in what he most often tells or paints. He went through each scene from paintings countless times, and by looking at those scenes today, their persistence seems extra-dimensional, surreal. Only fifty years ago, it was very real and authentic. What the camera or some poetic chronicler failed to preserve, Musta\u010d skilfully preserved it through the colours poured onto the painting paper.<\/p>\n\n\t\t<\/div>\n\t<\/div>\n<\/div><\/div><\/div><\/div><div data-stellar-offset-parent=\"true\"  class=\"vc_row wpb_row vc_row-fluid content-padding\"><div  class=\"wpb_column vc_column_container vc_col-sm-12\"><div class=\"vc_column-inner\" style=\"\" ><div class=\"wpb_wrapper\">\n<div class=\"vc_grid-container-wrapper vc_clearfix vc_grid-animation-fadeIn\">\n\t<div class=\"vc_grid-container vc_clearfix wpb_content_element vc_media_grid\" data-initial-loading-animation=\"fadeIn\" data-vc-grid-settings=\"{&quot;page_id&quot;:129,&quot;style&quot;:&quot;all&quot;,&quot;action&quot;:&quot;vc_get_vc_grid_data&quot;,&quot;shortcode_id&quot;:&quot;1611507272443-a0733015-0894-0&quot;,&quot;tag&quot;:&quot;vc_media_grid&quot;}\" data-vc-request=\"https:\/\/galerijamustac.com\/wp-admin\/admin-ajax.php\" data-vc-post-id=\"129\" data-vc-public-nonce=\"79d1a84bac\">\n\t\t\n\t<\/div>\n<\/div><\/div><\/div><\/div><\/div><div data-stellar-offset-parent=\"true\"  class=\"vc_row wpb_row vc_row-fluid content-padding\"><div  class=\"wpb_column vc_column_container vc_col-sm-6\"><div class=\"vc_column-inner\" style=\"\" ><div class=\"wpb_wrapper\">\n\t<div class=\"wpb_text_column wpb_content_element\" >\n\t\t<div class=\"wpb_wrapper\">\n\t\t\t<h2>Landscapes<\/h2>\n\n\t\t<\/div>\n\t<\/div>\n<\/div><\/div><\/div><div  class=\"wpb_column vc_column_container vc_col-sm-6\"><div class=\"vc_column-inner\" style=\"\" ><div class=\"wpb_wrapper\">\n\t<div class=\"wpb_text_column wpb_content_element\" >\n\t\t<div class=\"wpb_wrapper\">\n\t\t\t<p>Landscapes carved in the eye of Franjo Musta\u010d Medarov most often depict the horizon of his homeland. The images that always appeared to him when he returned home by train, from a station few kilometres away, the lasting inspiration and fundamental motif for most of the landscape paintings he has made. A special \u201cmanuscript\u201d is evident in cornstalk, stripped willows and cool, winter landscapes.<\/p>\n\n\t\t<\/div>\n\t<\/div>\n<\/div><\/div><\/div><\/div><div data-stellar-offset-parent=\"true\"  class=\"vc_row wpb_row vc_row-fluid content-padding\"><div  class=\"wpb_column vc_column_container vc_col-sm-12\"><div class=\"vc_column-inner\" style=\"\" ><div class=\"wpb_wrapper\">\n<div class=\"vc_grid-container-wrapper vc_clearfix vc_grid-animation-fadeIn\">\n\t<div class=\"vc_grid-container vc_clearfix wpb_content_element vc_media_grid\" data-initial-loading-animation=\"fadeIn\" data-vc-grid-settings=\"{&quot;page_id&quot;:129,&quot;style&quot;:&quot;all&quot;,&quot;action&quot;:&quot;vc_get_vc_grid_data&quot;,&quot;shortcode_id&quot;:&quot;1611507272448-00e66fdc-8426-4&quot;,&quot;tag&quot;:&quot;vc_media_grid&quot;}\" data-vc-request=\"https:\/\/galerijamustac.com\/wp-admin\/admin-ajax.php\" data-vc-post-id=\"129\" data-vc-public-nonce=\"79d1a84bac\">\n\t\t\n\t<\/div>\n<\/div><\/div><\/div><\/div><\/div><div data-stellar-offset-parent=\"true\"  class=\"vc_row wpb_row vc_row-fluid content-padding\"><div  class=\"wpb_column vc_column_container vc_col-sm-6\"><div class=\"vc_column-inner\" style=\"\" ><div class=\"wpb_wrapper\">\n\t<div class=\"wpb_text_column wpb_content_element\" >\n\t\t<div class=\"wpb_wrapper\">\n\t\t\t<h2>Still life<\/h2>\n\n\t\t<\/div>\n\t<\/div>\n<\/div><\/div><\/div><div  class=\"wpb_column vc_column_container vc_col-sm-6\"><div class=\"vc_column-inner\" style=\"\" ><div class=\"wpb_wrapper\">\n\t<div class=\"wpb_text_column wpb_content_element\" >\n\t\t<div class=\"wpb_wrapper\">\n\t\t\t<p>Still life motifs depict objects and food from the kitchens of former houses in Me\u0111imurje. During that time, clay jars and vessels, as well as fruits that thrived in the local area of the north-western Croatia were specific. This is a kind of temple of life and dedication to the survival of the Croatian peasant.<\/p>\n\n\t\t<\/div>\n\t<\/div>\n<\/div><\/div><\/div><\/div><div data-stellar-offset-parent=\"true\"  class=\"vc_row wpb_row vc_row-fluid content-padding\"><div  class=\"wpb_column vc_column_container vc_col-sm-12\"><div class=\"vc_column-inner\" style=\"\" ><div class=\"wpb_wrapper\">\n<div class=\"vc_grid-container-wrapper vc_clearfix vc_grid-animation-fadeIn\">\n\t<div class=\"vc_grid-container vc_clearfix wpb_content_element vc_media_grid\" data-initial-loading-animation=\"fadeIn\" data-vc-grid-settings=\"{&quot;page_id&quot;:129,&quot;style&quot;:&quot;all&quot;,&quot;action&quot;:&quot;vc_get_vc_grid_data&quot;,&quot;shortcode_id&quot;:&quot;1611507272455-e2becca3-d297-3&quot;,&quot;tag&quot;:&quot;vc_media_grid&quot;}\" data-vc-request=\"https:\/\/galerijamustac.com\/wp-admin\/admin-ajax.php\" data-vc-post-id=\"129\" data-vc-public-nonce=\"79d1a84bac\">\n\t\t\n\t<\/div>\n<\/div><\/div><\/div><\/div><\/div><div data-stellar-offset-parent=\"true\"  class=\"vc_row wpb_row vc_row-fluid content-padding\"><div  class=\"wpb_column vc_column_container vc_col-sm-12\"><div class=\"vc_column-inner\" style=\"\" ><div class=\"wpb_wrapper\"><div class=\"vc_empty_space\"   style=\"height: 32px\"><span class=\"vc_empty_space_inner\"><\/span><\/div><\/div><\/div><\/div><\/div>\n<\/div>","protected":false},"excerpt":{"rendered":"Slike Seoski motivi iz pro\u0161losti Musta\u010d je autenti\u010dan u onome \u0161to naj\u010de\u0161\u0107e pri\u010da odnosno oslikava. Svaki prizor sa slika pre\u017eivio je nebrojeno puta, a gledaju\u0107i te scene njihova se postojanost danas \u010dini\u00a0 vandimenzionalna, surealna. No prije samo pedesetak godina bila je vrlo realna i stvarna. Ono \u0161to nije uspjelo sa\u010duvati fotografski aparat ili kakav poeti\u010dni kroni\u010dar vremena, vje\u0161to je sa\u010duvao [...]","protected":false},"author":1,"featured_media":0,"parent":0,"menu_order":0,"comment_status":"closed","ping_status":"closed","template":"","meta":{"footnotes":""},"class_list":["post-129","page","type-page","status-publish","hentry"],"_links":{"self":[{"href":"https:\/\/galerijamustac.com\/en\/wp-json\/wp\/v2\/pages\/129","targetHints":{"allow":["GET"]}}],"collection":[{"href":"https:\/\/galerijamustac.com\/en\/wp-json\/wp\/v2\/pages"}],"about":[{"href":"https:\/\/galerijamustac.com\/en\/wp-json\/wp\/v2\/types\/page"}],"author":[{"embeddable":true,"href":"https:\/\/galerijamustac.com\/en\/wp-json\/wp\/v2\/users\/1"}],"replies":[{"embeddable":true,"href":"https:\/\/galerijamustac.com\/en\/wp-json\/wp\/v2\/comments?post=129"}],"version-history":[{"count":38,"href":"https:\/\/galerijamustac.com\/en\/wp-json\/wp\/v2\/pages\/129\/revisions"}],"predecessor-version":[{"id":6399,"href":"https:\/\/galerijamustac.com\/en\/wp-json\/wp\/v2\/pages\/129\/revisions\/6399"}],"wp:attachment":[{"href":"https:\/\/galerijamustac.com\/en\/wp-json\/wp\/v2\/media?parent=129"}],"curies":[{"name":"wp","href":"https:\/\/api.w.org\/{rel}","templated":true}]}}