{"id":175,"date":"2017-09-06T09:35:05","date_gmt":"2017-09-06T09:35:05","guid":{"rendered":"http:\/\/demo.curlythemes.com\/art-gallery-wp\/?page_id=175"},"modified":"2019-07-30T16:03:30","modified_gmt":"2019-07-30T16:03:30","slug":"recenzije","status":"publish","type":"page","link":"https:\/\/galerijamustac.com\/en\/recenzije\/","title":{"rendered":"Critics"},"content":{"rendered":"<div class=\"wpb-content-wrapper\"><div data-vc-full-width=\"true\" data-vc-full-width-init=\"false\" data-stellar-offset-parent=\"true\"  class=\"vc_row wpb_row vc_row-fluid content-padding-lg vc_custom_1505138875462 vc_row-has-fill\"><div  class=\"wpb_column vc_column_container vc_col-sm-12\"><div class=\"vc_column-inner\" style=\"\" ><div class=\"wpb_wrapper\">\n\t<div class=\"wpb_text_column wpb_content_element\" >\n\t\t<div class=\"wpb_wrapper\">\n\t\t\t<h1 class=\"special-title display-1\" style=\"text-align: center;\"><small>OTHERS ABOUT HIM<\/small> Critics<\/h1>\n\n\t\t<\/div>\n\t<\/div>\n<\/div><\/div><\/div><\/div><div class=\"vc_row-full-width vc_clearfix\"><\/div><div data-stellar-offset-parent=\"true\"  class=\"vc_row wpb_row vc_row-fluid content-padding vc_column-gap-35\"><div  class=\"wpb_column vc_column_container vc_col-sm-6\"><div class=\"vc_column-inner\" style=\"\" ><div class=\"wpb_wrapper\">\n\t<div class=\"wpb_text_column wpb_content_element\" >\n\t\t<div class=\"wpb_wrapper\">\n\t\t\t<h2 style=\"text-align: right;\">Emilija Kova\u010d, prof.<\/h2>\n<p class=\"lead\" style=\"text-align: right;\"><em><span class=\"s1\">The creative world of Franjo Musta\u010d is a world of landscape. <\/span><\/em><\/p>\n\n\t\t<\/div>\n\t<\/div>\n<\/div><\/div><\/div><div  class=\"wpb_column vc_column_container vc_col-sm-6\"><div class=\"vc_column-inner\" style=\"\" ><div class=\"wpb_wrapper\">\n\t<div class=\"wpb_text_column wpb_content_element\" >\n\t\t<div class=\"wpb_wrapper\">\n\t\t\t<p class=\"p1\"><span class=\"s1\">Entering this world, we do not travel far: it is somewhere here, close, recognizable ... But never fully recognized. The author maintains a creative distance from the facts. Space of freedom, individuality, superior to the facts. He does not repeat by his work, but he produces, capable of all the responsibility implied by the creative act.<\/span><\/p>\n<p class=\"p1\"><span class=\"s1\">The painting is not a portrait of the world, but a portrait of the author. Metaphorical, of course, because the motif is like the word: it is the form leading to the meaning; the motif is, like the word \u2013 the metaphor: seeking to cross; wanting to be a bridge between the external, material and the internal. To present one by presenting what one presents.<\/span><\/p>\n\n\t\t<\/div>\n\t<\/div>\n<\/div><\/div><\/div><\/div><div data-stellar-offset-parent=\"true\"  class=\"vc_row wpb_row vc_row-fluid content-padding\"><div  class=\"wpb_column vc_column_container vc_col-sm-12\"><div class=\"vc_column-inner\" style=\"\" ><div class=\"wpb_wrapper\"><div class=\"vc_separator wpb_content_element vc_separator_align_center vc_sep_width_100 vc_sep_shadow vc_sep_pos_align_center vc_sep_color_grey wpb_content_element\" ><span class=\"vc_sep_holder vc_sep_holder_l\"><span class=\"vc_sep_line\"><\/span><\/span><span class=\"vc_sep_holder vc_sep_holder_r\"><span class=\"vc_sep_line\"><\/span><\/span>\n<\/div><\/div><\/div><\/div><\/div><div data-stellar-offset-parent=\"true\"  class=\"vc_row wpb_row vc_row-fluid content-padding vc_column-gap-35\"><div  class=\"wpb_column vc_column_container vc_col-sm-6\"><div class=\"vc_column-inner\" style=\"\" ><div class=\"wpb_wrapper\">\n\t<div class=\"wpb_text_column wpb_content_element\" >\n\t\t<div class=\"wpb_wrapper\">\n\t\t\t<h2 style=\"text-align: right;\">Rudolf Wesner, prof.<\/h2>\n<p class=\"lead\" style=\"text-align: right;\"><em><span class=\"s1\">Franjo Musta\u010d primarily uses pastel colours for his works.<\/span><\/em><\/p>\n\n\t\t<\/div>\n\t<\/div>\n<\/div><\/div><\/div><div  class=\"wpb_column vc_column_container vc_col-sm-6\"><div class=\"vc_column-inner\" style=\"\" ><div class=\"wpb_wrapper\">\n\t<div class=\"wpb_text_column wpb_content_element\" >\n\t\t<div class=\"wpb_wrapper\">\n\t\t\t<p class=\"p1\" style=\"text-align: left;\"><span class=\"s1\">These colours look velvety and warm. The painter has perfected his technique so that his colours are melting formally, crossing into one another and giving much ease and transparency to the paints. This results in both shape and structure. The surfaces look like they are driven by a light breeze. The experience of watching, as a last reminder to the observer of his work, is full of poetry.<\/span><\/p>\n\n\t\t<\/div>\n\t<\/div>\n<\/div><\/div><\/div><\/div><div data-stellar-offset-parent=\"true\"  class=\"vc_row wpb_row vc_row-fluid content-padding\"><div  class=\"wpb_column vc_column_container vc_col-sm-12\"><div class=\"vc_column-inner\" style=\"\" ><div class=\"wpb_wrapper\"><div class=\"vc_separator wpb_content_element vc_separator_align_center vc_sep_width_100 vc_sep_shadow vc_sep_pos_align_center vc_sep_color_grey wpb_content_element\" ><span class=\"vc_sep_holder vc_sep_holder_l\"><span class=\"vc_sep_line\"><\/span><\/span><span class=\"vc_sep_holder vc_sep_holder_r\"><span class=\"vc_sep_line\"><\/span><\/span>\n<\/div><\/div><\/div><\/div><\/div><div data-stellar-offset-parent=\"true\"  class=\"vc_row wpb_row vc_row-fluid content-padding vc_column-gap-35\"><div  class=\"wpb_column vc_column_container vc_col-sm-6\"><div class=\"vc_column-inner\" style=\"\" ><div class=\"wpb_wrapper\">\n\t<div class=\"wpb_text_column wpb_content_element\" >\n\t\t<div class=\"wpb_wrapper\">\n\t\t\t<h2 style=\"text-align: right;\">Marijan Lazar, prof.<\/h2>\n<p class=\"lead\" style=\"text-align: right;\"><em><span class=\"s1\">His colours, as well as his art, vividly speak about warmth and stillness that shape the fundamental way of recognisability.<\/span><\/em><\/p>\n\n\t\t<\/div>\n\t<\/div>\n<\/div><\/div><\/div><div  class=\"wpb_column vc_column_container vc_col-sm-6\"><div class=\"vc_column-inner\" style=\"\" ><div class=\"wpb_wrapper\">\n\t<div class=\"wpb_text_column wpb_content_element\" >\n\t\t<div class=\"wpb_wrapper\">\n\t\t\t<p class=\"p1\"><span class=\"s1\">Musta\u010d sentimentally portrays the transience of time at the level of the structural layers\u2019 game, which is made with the brush, developing artistic suggestiveness and, at the same time, a sense of belonging to the rural landscape of his birthplace. It is not questionable whether a man, nature, village, or an exceptional vertical of spirituality \u2013 the church \u2013 represents his fundamental motif because all of these represent fullness of a life that manifests in the visual arts. <\/span><\/p>\n\n\t\t<\/div>\n\t<\/div>\n<\/div><\/div><\/div><\/div><div data-stellar-offset-parent=\"true\"  class=\"vc_row wpb_row vc_row-fluid content-padding\"><div  class=\"wpb_column vc_column_container vc_col-sm-12\"><div class=\"vc_column-inner\" style=\"\" ><div class=\"wpb_wrapper\"><div class=\"vc_separator wpb_content_element vc_separator_align_center vc_sep_width_100 vc_sep_shadow vc_sep_pos_align_center vc_sep_color_grey wpb_content_element\" ><span class=\"vc_sep_holder vc_sep_holder_l\"><span class=\"vc_sep_line\"><\/span><\/span><span class=\"vc_sep_holder vc_sep_holder_r\"><span class=\"vc_sep_line\"><\/span><\/span>\n<\/div><\/div><\/div><\/div><\/div><div data-stellar-offset-parent=\"true\"  class=\"vc_row wpb_row vc_row-fluid content-padding vc_column-gap-35\"><div  class=\"wpb_column vc_column_container vc_col-sm-6\"><div class=\"vc_column-inner\" style=\"\" ><div class=\"wpb_wrapper\">\n\t<div class=\"wpb_text_column wpb_content_element\" >\n\t\t<div class=\"wpb_wrapper\">\n\t\t\t<h2 style=\"text-align: right;\">Zlatko Barana\u0161i\u0107<\/h2>\n<p class=\"lead\" style=\"text-align: right;\"><em><span class=\"s1\">Franjo Musta\u010d appears in our artistic reality as a special personality.<\/span><\/em><\/p>\n\n\t\t<\/div>\n\t<\/div>\n<\/div><\/div><\/div><div  class=\"wpb_column vc_column_container vc_col-sm-6\"><div class=\"vc_column-inner\" style=\"\" ><div class=\"wpb_wrapper\">\n\t<div class=\"wpb_text_column wpb_content_element\" >\n\t\t<div class=\"wpb_wrapper\">\n\t\t\t<p class=\"p1\"><span class=\"s1\">If he starts from the seen, he rewards his motif with spiritual content, which enriches the motif, and thus gives the impression that initiates a thought as a powerful component for the experience of paintings. Expression, a lyrical atmosphere with the presence of sentimental and passionate yet emotional affection, are woven into the paintings forming their mark. His motifs have brought us back to the past times, evoking memories of youth and the sadness of lost time. <\/span><span class=\"s1\">Ekspresija, lirski ugo\u0111aj s prisustvom nostalgi\u010dnog i strasnog, ali emocionalne \u017eestine, utkane su u<span class=\"Apple-converted-space\">\u00a0 <\/span>slike i njihovo su obilje\u017eje. Njegovi motivi su nas vratili u pro\u0161la vremena koja u nama pobu\u0111uju sje\u0107anja na mladost i tugu za izgubljenim vremenom<\/span><\/p>\n\n\t\t<\/div>\n\t<\/div>\n<\/div><\/div><\/div><\/div><div data-stellar-offset-parent=\"true\"  class=\"vc_row wpb_row vc_row-fluid content-padding\"><div  class=\"wpb_column vc_column_container vc_col-sm-12\"><div class=\"vc_column-inner\" style=\"\" ><div class=\"wpb_wrapper\"><div class=\"vc_separator wpb_content_element vc_separator_align_center vc_sep_width_100 vc_sep_shadow vc_sep_pos_align_center vc_sep_color_grey wpb_content_element\" ><span class=\"vc_sep_holder vc_sep_holder_l\"><span class=\"vc_sep_line\"><\/span><\/span><span class=\"vc_sep_holder vc_sep_holder_r\"><span class=\"vc_sep_line\"><\/span><\/span>\n<\/div><\/div><\/div><\/div><\/div><div data-stellar-offset-parent=\"true\"  class=\"vc_row wpb_row vc_row-fluid content-padding vc_column-gap-35\"><div  class=\"wpb_column vc_column_container vc_col-sm-6\"><div class=\"vc_column-inner\" style=\"\" ><div class=\"wpb_wrapper\">\n\t<div class=\"wpb_text_column wpb_content_element\" >\n\t\t<div class=\"wpb_wrapper\">\n\t\t\t<h2 style=\"text-align: right;\">Martin Lukave\u010dki<\/h2>\n<p class=\"lead\" style=\"text-align: right;\"><em><span class=\"s1\"> Painting in all techniques, but mostly in oil pastel because it is the best for the landscape. <\/span><\/em><\/p>\n\n\t\t<\/div>\n\t<\/div>\n<\/div><\/div><\/div><div  class=\"wpb_column vc_column_container vc_col-sm-6\"><div class=\"vc_column-inner\" style=\"\" ><div class=\"wpb_wrapper\">\n\t<div class=\"wpb_text_column wpb_content_element\" >\n\t\t<div class=\"wpb_wrapper\">\n\t\t\t<p class=\"p1\"><span class=\"s1\">His pictures are recognizable: warm winters, calm plains of Me\u0111imurje. Memories of a past life.<i> <\/i>Images from a playful childhood are vividly engraved in the memory. He does not care about modern times on the fields, with tractors and harvesters.\u00a0<i>There is no poetry; he says, \u201cIt is an idyllic picture from those times. One, who rode on a carriage with his grandparents, certainly would not forget that. I still hear wheels on macadam roads. Times were tough, but everything was meaningful. People knew when to work and when to rest. They worked as much as they needed.\u201d <\/i><\/span><\/p>\n<p class=\"p1\"><span class=\"s1\">Corn stalks, willows, a church in the distance \u2013 recognizable motifs of the villages of Me\u0111imurje in his works. He is using a little of green and blue colours. In sacred themes, he avoids copying what he already has seen. Franjo Musta\u010d-Medarov is a poet of the Me\u0111imurje\u2019s plains. He narrates the time that is lost forever by using gentle colours.<\/span><\/p>\n\n\t\t<\/div>\n\t<\/div>\n<\/div><\/div><\/div><\/div><div data-stellar-offset-parent=\"true\"  class=\"vc_row wpb_row vc_row-fluid content-padding\"><div  class=\"wpb_column vc_column_container vc_col-sm-12\"><div class=\"vc_column-inner\" style=\"\" ><div class=\"wpb_wrapper\"><div class=\"vc_empty_space\"   style=\"height: 32px\"><span class=\"vc_empty_space_inner\"><\/span><\/div><\/div><\/div><\/div><\/div>\n<\/div>","protected":false},"excerpt":{"rendered":"DRUGI O NJEMU Recenzije i osvrti Emilija Kova\u010d, prof. Stvarala\u010dki svijet Franje Musta\u010da svijet je pejza\u017ea. Ulaze\u0107i u nj, ne putujemo daleko: tu je negdje, blizu, prepoznatljiv... No, nikad prepoznat do kraja u stvarnosti. Autor odr\u017eava kreativni odmak od \u010dinjenica. Prostor slobode, individualnosti, superioran u odnosu na datosti. Svojim djelom ne ponavlja, ve\u0107 proizvodi, sposoban za svu odgovornost kreativnog \u010dina. [...]","protected":false},"author":1,"featured_media":0,"parent":0,"menu_order":0,"comment_status":"closed","ping_status":"closed","template":"","meta":{"footnotes":""},"class_list":["post-175","page","type-page","status-publish","hentry"],"_links":{"self":[{"href":"https:\/\/galerijamustac.com\/en\/wp-json\/wp\/v2\/pages\/175","targetHints":{"allow":["GET"]}}],"collection":[{"href":"https:\/\/galerijamustac.com\/en\/wp-json\/wp\/v2\/pages"}],"about":[{"href":"https:\/\/galerijamustac.com\/en\/wp-json\/wp\/v2\/types\/page"}],"author":[{"embeddable":true,"href":"https:\/\/galerijamustac.com\/en\/wp-json\/wp\/v2\/users\/1"}],"replies":[{"embeddable":true,"href":"https:\/\/galerijamustac.com\/en\/wp-json\/wp\/v2\/comments?post=175"}],"version-history":[{"count":24,"href":"https:\/\/galerijamustac.com\/en\/wp-json\/wp\/v2\/pages\/175\/revisions"}],"predecessor-version":[{"id":498,"href":"https:\/\/galerijamustac.com\/en\/wp-json\/wp\/v2\/pages\/175\/revisions\/498"}],"wp:attachment":[{"href":"https:\/\/galerijamustac.com\/en\/wp-json\/wp\/v2\/media?parent=175"}],"curies":[{"name":"wp","href":"https:\/\/api.w.org\/{rel}","templated":true}]}}