{"id":203,"date":"2017-09-01T17:51:02","date_gmt":"2017-09-01T17:51:02","guid":{"rendered":"http:\/\/demo.curlythemes.com\/art-gallery-wp\/?page_id=2"},"modified":"2024-11-28T23:10:13","modified_gmt":"2024-11-28T23:10:13","slug":"home","status":"publish","type":"page","link":"https:\/\/galerijamustac.com\/en\/","title":{"rendered":"Home"},"content":{"rendered":"<div class=\"wpb-content-wrapper\"><div data-vc-full-width=\"true\" data-vc-full-width-init=\"false\" data-stellar-offset-parent=\"true\"  class=\"vc_row wpb_row vc_row-fluid xtd-background--fixed bg-pos-center-bottom bg-no-repeat content-padding vc_custom_1564079595110 vc_row-has-fill vc_row-o-content-middle vc_row-flex\"><div  class=\"wpb_column vc_column_container vc_col-sm-5\"><div class=\"vc_column-inner\" style=\"\" ><div class=\"wpb_wrapper\">\n\t<div class=\"wpb_text_column wpb_content_element\" >\n\t\t<div class=\"wpb_wrapper\">\n\t\t\t<h1 class=\"display-1\"><small>THE LIFE OF AN UNPRETENTIOUS ARTIST<\/small>The untold story<\/h1>\n<p class=\"lead lead-lg\">MORE THAN 45 YEARS OF CREATIONS<\/p>\n<p>Read a story about early life and growing up of Musta\u010d through difficult times of the second half of the 20th century. Where did he come from, who were his role models, what did his first artistic moves look like, find out about his first departure from a small village to a big city and his return. Go through the creative stages of this true Croatian artist, through the intriguing story of growing up and maturing both in terms of life and in terms of art.<\/p>\n<h5><a href=\"http:\/\/galerijamustac.com\/en\/prica\/\"><em>\u279c Read more\u00a0<\/em><\/a><\/h5>\n\n\t\t<\/div>\n\t<\/div>\n<\/div><\/div><\/div><div  class=\"wpb_column vc_column_container vc_col-sm-6 vc_col-sm-offset-1\"><div class=\"vc_column-inner\" style=\"\" ><div class=\"wpb_wrapper\">\n\t<div class=\"wpb_single_image wpb_content_element vc_align_left  vc_custom_1564411282947  xtd-offset-frame xtd-margin--bottom-3\">\n\t\t\n\t\t<figure class=\"wpb_wrapper vc_figure\">\n\t\t\t<div class=\"vc_single_image-wrapper xtd-shadow--large-normal  vc_box_border_grey\"><img loading=\"lazy\" decoding=\"async\" width=\"600\" height=\"900\" src=\"https:\/\/galerijamustac.com\/wp-content\/uploads\/2019\/07\/franjo-mustac-slikar.jpg\" class=\"vc_single_image-img attachment-full\" alt=\"hrvatski slikari\" title=\"franjo-mustac-slikar\" \/><\/div>\n\t\t<\/figure>\n\t<\/div>\n<\/div><\/div><\/div><\/div><div class=\"vc_row-full-width vc_clearfix\"><\/div><div data-vc-full-width=\"true\" data-vc-full-width-init=\"false\" data-stellar-offset-parent=\"true\"  class=\"vc_row wpb_row vc_row-fluid bg-repeat-x content-padding vc_custom_1564151190837 vc_row-has-fill\"><div  class=\"wpb_column vc_column_container vc_col-sm-12\"><div class=\"vc_column-inner\" style=\"\" ><div class=\"wpb_wrapper\">\n\t<div class=\"wpb_text_column wpb_content_element\" >\n\t\t<div class=\"wpb_wrapper\">\n\t\t\t<h1 style=\"text-align: center; color: white;\">Video<\/h1>\n\n\t\t<\/div>\n\t<\/div>\n\n\t<div class=\"wpb_text_column wpb_content_element\" >\n\t\t<div class=\"wpb_wrapper\">\n\t\t\t<h4 style=\"text-align: center; color: #bab566;\">Gallery Musta\u010d<\/h4>\n\n\t\t<\/div>\n\t<\/div>\n\n\t<div class=\"wpb_video_widget wpb_content_element vc_clearfix   vc_video-aspect-ratio-169 vc_video-el-width-100 vc_video-align-left\" >\n\t\t<div class=\"wpb_wrapper\">\n\t\t\t\n\t\t\t<div class=\"wpb_video_wrapper\"><div class='embed-responsive embed-responsive-16by9 xtd-shadow--large-light'><iframe loading=\"lazy\" class=\"embed-responsive-item\" title=\"Franjo Musta\u010d Medarov Galerija\" width=\"500\" height=\"281\" src=\"https:\/\/www.youtube.com\/embed\/y2ZwhfViKho?feature=oembed&modestbranding=1&showinfo=0&rel=0\"  allow=\"accelerometer; autoplay; clipboard-write; encrypted-media; gyroscope; picture-in-picture; web-share\" referrerpolicy=\"strict-origin-when-cross-origin\" allowfullscreen><\/iframe><\/div><\/div>\n\t\t<\/div>\n\t<\/div>\n\n\t<div class=\"wpb_text_column wpb_content_element\" >\n\t\t<div class=\"wpb_wrapper\">\n\t\t\t<p>&nbsp;<\/p>\n\n\t\t<\/div>\n\t<\/div>\n<\/div><\/div><\/div><\/div><div class=\"vc_row-full-width vc_clearfix\"><\/div><div data-vc-full-width=\"true\" data-vc-full-width-init=\"false\" data-stellar-offset-parent=\"true\"  data-vc-parallax=\"1.5\" class=\"vc_row wpb_row vc_row-fluid xtd-background--fixed bg-pos-center-bottom bg-no-repeat content-padding vc_custom_1564152991755 vc_row-has-fill vc_row-o-content-middle vc_row-flex vc_general vc_parallax vc_parallax-content-moving\"><div  class=\"wpb_column vc_column_container vc_col-sm-5\"><div class=\"vc_column-inner\" style=\"\" ><div class=\"wpb_wrapper\">\n\t<div class=\"wpb_single_image wpb_content_element vc_align_left   xtd-offset-frame xtd-margin--bottom-3\">\n\t\t\n\t\t<figure class=\"wpb_wrapper vc_figure\">\n\t\t\t<div class=\"vc_single_image-wrapper xtd-shadow--large-light  vc_box_border_grey\"><img loading=\"lazy\" decoding=\"async\" width=\"600\" height=\"900\" src=\"https:\/\/galerijamustac.com\/wp-content\/uploads\/2019\/07\/galerija-mustac-outside2.jpg\" class=\"vc_single_image-img attachment-full\" alt=\"galerija hrvatskog slikara Franje Musta\u010da\" title=\"galerija-mustac-outside2\" \/><\/div>\n\t\t<\/figure>\n\t<\/div>\n<\/div><\/div><\/div><div  class=\"wpb_column vc_column_container vc_col-sm-6 vc_col-sm-offset-1\"><div class=\"vc_column-inner\" style=\"\" ><div class=\"wpb_wrapper\">\n\t<div class=\"wpb_text_column wpb_content_element\" >\n\t\t<div class=\"wpb_wrapper\">\n\t\t\t<h1 class=\"display-1\"><small>SOURCE OF CREATIVITY<\/small>Gallery<\/h1>\n<p class=\"lead lead-lg\">CULTURAL HERITAGE OF ME\u0110IMURJE<\/p>\n<p>The private painting gallery is located in the home of Franjo Musta\u010d in Me\u0111imurje. The house is hidden at the very end of small village Sveta Marija, in the greenest street of that area. It is surrounded by nature and idyllic peace in which the silent sceneries of the paintings tell the stories of past times and show the landscape of Me\u0111imurje from the eyes of Franjo Musta\u010d.<\/p>\n<h5><a href=\"http:\/\/galerijamustac.com\/en\/galerija\/\"><em>\u279c Info<\/em><\/a><\/h5>\n\n\t\t<\/div>\n\t<\/div>\n<\/div><\/div><\/div><\/div><div class=\"vc_row-full-width vc_clearfix\"><\/div>\n<\/div>","protected":false},"excerpt":{"rendered":"\u017dIVOT SAMOZATAJNOG UMJETNIKANeispri\u010dana pri\u010da VI\u0160E OD 45 GODINA STVARALA\u0160TVA Pro\u010ditajte pri\u010du o po\u010detcima i odrastanju Musta\u010da kroz period te\u0161kih vremena druge polovice 20. stolje\u0107a. Od kud je potekao, tko su mu bili uzori, kako su izgledali prvi likovni potezi, saznajte o prvom odlasku iz malog sela u veliki grad i njegovom povratku. Pro\u0111ite kroz faze stvarala\u0161tva ovog istinskog hrvatskog umjetnika [...]","protected":false},"author":1,"featured_media":0,"parent":0,"menu_order":0,"comment_status":"closed","ping_status":"open","template":"","meta":{"footnotes":""},"class_list":["post-203","page","type-page","status-publish","hentry"],"_links":{"self":[{"href":"https:\/\/galerijamustac.com\/en\/wp-json\/wp\/v2\/pages\/203","targetHints":{"allow":["GET"]}}],"collection":[{"href":"https:\/\/galerijamustac.com\/en\/wp-json\/wp\/v2\/pages"}],"about":[{"href":"https:\/\/galerijamustac.com\/en\/wp-json\/wp\/v2\/types\/page"}],"author":[{"embeddable":true,"href":"https:\/\/galerijamustac.com\/en\/wp-json\/wp\/v2\/users\/1"}],"replies":[{"embeddable":true,"href":"https:\/\/galerijamustac.com\/en\/wp-json\/wp\/v2\/comments?post=203"}],"version-history":[{"count":62,"href":"https:\/\/galerijamustac.com\/en\/wp-json\/wp\/v2\/pages\/203\/revisions"}],"predecessor-version":[{"id":6437,"href":"https:\/\/galerijamustac.com\/en\/wp-json\/wp\/v2\/pages\/203\/revisions\/6437"}],"wp:attachment":[{"href":"https:\/\/galerijamustac.com\/en\/wp-json\/wp\/v2\/media?parent=203"}],"curies":[{"name":"wp","href":"https:\/\/api.w.org\/{rel}","templated":true}]}}